{"id":280,"date":"2021-06-25T14:29:45","date_gmt":"2021-06-25T13:29:45","guid":{"rendered":"http:\/\/www.nouvel-environnement.fr\/?page_id=280"},"modified":"2021-06-30T12:33:53","modified_gmt":"2021-06-30T11:33:53","slug":"nos-partenaires","status":"publish","type":"page","link":"http:\/\/www.nouvel-environnement.fr\/?page_id=280","title":{"rendered":"NOS PARTENAIRES"},"content":{"rendered":"<div data-colibri-id=\"280-c1\" class=\"style-294 style-local-280-c1 position-relative\">\n  <!---->\n  <div data-colibri-component=\"section\" data-colibri-id=\"280-c2\" id=\"clients\" class=\"h-section h-section-global-spacing d-flex align-items-lg-center align-items-md-center align-items-center style-295 style-local-280-c2 position-relative\">\n    <!---->\n    <!---->\n    <div class=\"h-section-grid-container h-section-boxed-container\">\n      <!---->\n      <div data-colibri-id=\"280-c10\" class=\"h-row-container gutters-row-lg-2 gutters-row-md-2 gutters-row-0 gutters-row-v-lg-2 gutters-row-v-md-2 gutters-row-v-2 style-313 style-local-280-c10 position-relative\">\n        <!---->\n        <div class=\"h-row justify-content-lg-center justify-content-md-center justify-content-center align-items-lg-stretch align-items-md-stretch align-items-stretch gutters-col-lg-2 gutters-col-md-2 gutters-col-0 gutters-col-v-lg-2 gutters-col-v-md-2 gutters-col-v-2\">\n          <!---->\n          <div class=\"h-column h-column-container d-flex h-col-lg-auto h-col-md-auto h-col-auto style-314-outer style-local-280-c11-outer\">\n            <div data-colibri-id=\"280-c11\" class=\"d-flex h-flex-basis h-column__inner h-px-lg-2 h-px-md-2 h-px-2 v-inner-lg-2 v-inner-md-2 v-inner-2 style-314 style-local-280-c11 position-relative\">\n              <!---->\n              <!---->\n              <div class=\"w-100 h-y-container h-column__content h-column__v-align flex-basis-100 align-self-lg-start align-self-md-start align-self-start\">\n                <!---->\n                <div data-colibri-id=\"280-c12\" class=\"h-text h-text-component style-312 style-local-280-c12 position-relative h-element\">\n                  <!---->\n                  <!---->\n                  <div class=\"\">\n                    <p>Pour la gestion de vos travaux (D\u00e9molition, Terrassement, Ma\u00e7onnerie, Finitions int\u00e9rieures et ext\u00e9rieures, Cl\u00f4tures, Electricit\u00e9, Plomberie<\/p>\n                    <p>ZAC du Buisson<\/p>\n                    <p>Rue Couture du Haut Bois<\/p>\n                    <p>27600 SAINT-AUBIN SUR GAILLON<\/p>\n                    <p>T\u00e9l. : 02 32 77 42 95<\/p>\n                  <\/div>\n                <\/div>\n              <\/div>\n            <\/div>\n          <\/div>\n        <\/div>\n      <\/div>\n      <div data-colibri-id=\"280-c3\" class=\"h-row-container gutters-row-lg-2 gutters-row-md-2 gutters-row-0 gutters-row-v-lg-2 gutters-row-v-md-2 gutters-row-v-2 style-296 style-local-280-c3 position-relative\">\n        <!---->\n        <div class=\"h-row justify-content-lg-center justify-content-md-center justify-content-center align-items-lg-stretch align-items-md-stretch align-items-stretch gutters-col-lg-2 gutters-col-md-2 gutters-col-0 gutters-col-v-lg-2 gutters-col-v-md-2 gutters-col-v-2\">\n          <!---->\n          <div class=\"h-column h-column-container d-flex h-col-lg-3 h-col-md-3 h-col-6 style-297-outer style-local-280-c4-outer\">\n            <div data-colibri-id=\"280-c4\" class=\"d-flex h-flex-basis h-column__inner h-px-lg-0 h-px-md-0 h-px-2 v-inner-lg-0 v-inner-md-0 v-inner-2 style-297 style-local-280-c4 position-relative\">\n              <!---->\n              <!---->\n              <div class=\"w-100 h-y-container h-column__content h-column__v-align flex-basis-100 align-self-lg-center align-self-md-center align-self-center\">\n                <!---->\n                <div data-colibri-id=\"280-c5\" class=\"d-block style-298 style-local-280-c5 position-relative h-element\">\n                  <!---->\n                  <div class=\"h-image__frame-container-outer\">\n                    <div class=\"h-image__frame-container\">\n                      <!---->\n                      <!---->\n                      <img loading=\"lazy\" decoding=\"async\" width=\"401\" height=\"341\" src=\"http:\/\/www.nouvel-environnement.fr\/wp-content\/uploads\/2021\/06\/cropped-LOGO-@TENSION.png\" class=\"wp-image-380 style-298-image style-local-280-c5-image\" alt=\"\" srcset=\"http:\/\/www.nouvel-environnement.fr\/wp-content\/uploads\/2021\/06\/cropped-LOGO-@TENSION.png 401w, http:\/\/www.nouvel-environnement.fr\/wp-content\/uploads\/2021\/06\/cropped-LOGO-@TENSION-300x255.png 300w\" sizes=\"auto, (max-width: 401px) 100vw, 401px\" \/>\n                      <div class=\"h-image__frame h-hide-lg h-hide-md h-hide-sm style-298-frameImage style-local-280-c5-frameImage\"><\/div>\n                    <\/div>\n                  <\/div>\n                <\/div>\n              <\/div>\n            <\/div>\n          <\/div>\n          <div class=\"h-column h-column-container d-flex h-col-lg-3 h-col-md-3 h-col-6 style-303-outer style-local-280-c6-outer\">\n            <div data-colibri-id=\"280-c6\" class=\"d-flex h-flex-basis h-column__inner h-ui-empty-state-container h-px-lg-2 h-px-md-2 h-px-2 v-inner-lg-2 v-inner-md-2 v-inner-2 style-303 style-local-280-c6 position-relative\">\n              <!---->\n              <!---->\n              <div class=\"w-100 h-y-container h-column__content h-column__v-align flex-basis-100\">\n                <!---->\n              <\/div>\n            <\/div>\n          <\/div>\n          <div class=\"h-column h-column-container d-flex h-col-lg-3 h-col-md-3 h-col-6 style-297-outer style-local-280-c7-outer\">\n            <div data-colibri-id=\"280-c7\" class=\"d-flex h-flex-basis h-column__inner h-px-lg-0 h-px-md-0 h-px-2 v-inner-lg-0 v-inner-md-0 v-inner-2 style-297 style-local-280-c7 position-relative\">\n              <!---->\n              <!---->\n              <div class=\"w-100 h-y-container h-column__content h-column__v-align flex-basis-100 align-self-lg-center align-self-md-center align-self-center\">\n                <!---->\n                <div data-colibri-id=\"280-c8\" class=\"d-block style-298 style-local-280-c8 position-relative h-element\">\n                  <!---->\n                  <div class=\"h-image__frame-container-outer\">\n                    <div class=\"h-image__frame-container\">\n                      <!---->\n                      <!---->\n                      <img loading=\"lazy\" decoding=\"async\" width=\"724\" height=\"194\" src=\"http:\/\/www.nouvel-environnement.fr\/wp-content\/uploads\/2021\/06\/cropped-LOGO-BTP-SIMPLE.png\" class=\"wp-image-381 style-298-image style-local-280-c8-image\" alt=\"\" srcset=\"http:\/\/www.nouvel-environnement.fr\/wp-content\/uploads\/2021\/06\/cropped-LOGO-BTP-SIMPLE.png 724w, http:\/\/www.nouvel-environnement.fr\/wp-content\/uploads\/2021\/06\/cropped-LOGO-BTP-SIMPLE-300x80.png 300w\" sizes=\"auto, (max-width: 724px) 100vw, 724px\" \/>\n                      <div class=\"h-image__frame h-hide-lg h-hide-md h-hide-sm style-298-frameImage style-local-280-c8-frameImage\"><\/div>\n                    <\/div>\n                  <\/div>\n                <\/div>\n              <\/div>\n            <\/div>\n          <\/div>\n        <\/div>\n      <\/div>\n    <\/div>\n  <\/div>\n<\/div>","protected":false},"excerpt":{"rendered":"<p>Pour la gestion de vos travaux (D\u00e9molition, Terrassement, Ma\u00e7onnerie, Finitions int\u00e9rieures et ext\u00e9rieures, Cl\u00f4tures, Electricit\u00e9, Plomberie ZAC du Buisson Rue Couture du Haut Bois 27600 SAINT-AUBIN SUR GAILLON T\u00e9l. : 02 32 77 42 95<\/p>\n","protected":false},"author":2,"featured_media":0,"parent":0,"menu_order":0,"comment_status":"closed","ping_status":"closed","template":"page-templates\/full-width-page.php","meta":{"footnotes":""},"class_list":["post-280","page","type-page","status-publish","hentry"],"_links":{"self":[{"href":"http:\/\/www.nouvel-environnement.fr\/index.php?rest_route=\/wp\/v2\/pages\/280","targetHints":{"allow":["GET"]}}],"collection":[{"href":"http:\/\/www.nouvel-environnement.fr\/index.php?rest_route=\/wp\/v2\/pages"}],"about":[{"href":"http:\/\/www.nouvel-environnement.fr\/index.php?rest_route=\/wp\/v2\/types\/page"}],"author":[{"embeddable":true,"href":"http:\/\/www.nouvel-environnement.fr\/index.php?rest_route=\/wp\/v2\/users\/2"}],"replies":[{"embeddable":true,"href":"http:\/\/www.nouvel-environnement.fr\/index.php?rest_route=%2Fwp%2Fv2%2Fcomments&post=280"}],"version-history":[{"count":3,"href":"http:\/\/www.nouvel-environnement.fr\/index.php?rest_route=\/wp\/v2\/pages\/280\/revisions"}],"predecessor-version":[{"id":390,"href":"http:\/\/www.nouvel-environnement.fr\/index.php?rest_route=\/wp\/v2\/pages\/280\/revisions\/390"}],"wp:attachment":[{"href":"http:\/\/www.nouvel-environnement.fr\/index.php?rest_route=%2Fwp%2Fv2%2Fmedia&parent=280"}],"curies":[{"name":"wp","href":"https:\/\/api.w.org\/{rel}","templated":true}]}}