{"id":281,"date":"2021-06-25T14:29:45","date_gmt":"2021-06-25T13:29:45","guid":{"rendered":"http:\/\/www.nouvel-environnement.fr\/?page_id=281"},"modified":"2021-06-30T13:44:44","modified_gmt":"2021-06-30T12:44:44","slug":"recrutement","status":"publish","type":"page","link":"http:\/\/www.nouvel-environnement.fr\/?page_id=281","title":{"rendered":"RECRUTEMENT"},"content":{"rendered":"<div data-colibri-id=\"281-c1\" class=\"style-347 style-local-281-c1 position-relative\">\n  <!---->\n  <div data-colibri-component=\"section\" data-colibri-id=\"281-c6\" id=\"custom-2\" class=\"h-section h-section-global-spacing d-flex align-items-lg-center align-items-md-center align-items-center style-376 style-local-281-c6 position-relative\">\n    <!---->\n    <!---->\n    <div class=\"h-section-grid-container h-section-boxed-container\">\n      <!---->\n      <div data-colibri-id=\"281-c23\" class=\"h-row-container gutters-row-lg-2 gutters-row-md-2 gutters-row-0 gutters-row-v-lg-2 gutters-row-v-md-2 gutters-row-v-2 style-394 style-local-281-c23 position-relative\">\n        <!---->\n        <div class=\"h-row justify-content-lg-center justify-content-md-center justify-content-center align-items-lg-stretch align-items-md-stretch align-items-stretch gutters-col-lg-2 gutters-col-md-2 gutters-col-0 gutters-col-v-lg-2 gutters-col-v-md-2 gutters-col-v-2\">\n          <!---->\n          <div class=\"h-column h-column-container d-flex h-col-lg-auto h-col-md-auto h-col-auto style-395-outer style-local-281-c24-outer\">\n            <div data-colibri-id=\"281-c24\" class=\"d-flex h-flex-basis h-column__inner h-px-lg-2 h-px-md-2 h-px-2 v-inner-lg-2 v-inner-md-2 v-inner-2 style-395 style-local-281-c24 position-relative\">\n              <!---->\n              <!---->\n              <div class=\"w-100 h-y-container h-column__content h-column__v-align flex-basis-100 align-self-lg-start align-self-md-start align-self-start\">\n                <!---->\n                <div data-colibri-id=\"281-c29\" class=\"h-icon style-399 style-local-281-c29 position-relative h-element\">\n                  <!----><span class=\"h-svg-icon h-icon__icon style-399-icon style-local-281-c29-icon\"><!--Icon by Font Awesome (https:\/\/fontawesome.com)--><svg version=\"1.1\" xmlns=\"http:\/\/www.w3.org\/2000\/svg\" xmlns:xlink=\"http:\/\/www.w3.org\/1999\/xlink\" id=\"star\" viewBox=\"0 0 1664 1896.0833\"><path d=\"M1664 647q0 22-26 48l-363 354 86 500q1 7 1 20 0 21-10.5 35.5T1321 1619q-19 0-40-12l-449-236-449 236q-22 12-40 12-21 0-31.5-14.5T301 1569q0-6 2-20l86-500L25 695Q0 668 0 647q0-37 56-46l502-73L783 73q19-41 49-41t49 41l225 455 502 73q56 9 56 46z\"><\/path><\/svg><\/span><\/div>\n              <\/div>\n            <\/div>\n          <\/div>\n          <div class=\"h-column h-column-container d-flex h-col-lg-auto h-col-md-auto h-col-auto style-396-outer style-local-281-c25-outer\">\n            <div data-colibri-id=\"281-c25\" class=\"d-flex h-flex-basis h-column__inner h-px-lg-2 h-px-md-2 h-px-2 v-inner-lg-2 v-inner-md-2 v-inner-2 style-396 style-local-281-c25 position-relative\">\n              <!---->\n              <!---->\n              <div class=\"w-100 h-y-container h-column__content h-column__v-align flex-basis-100 align-self-lg-start align-self-md-start align-self-start\">\n                <!---->\n                <div data-colibri-id=\"281-c26\" class=\"h-text h-text-component style-397 style-local-281-c26 position-relative h-element\">\n                  <!---->\n                  <!---->\n                  <div class=\"\">\n                    <p>\n                      <br>\n                    <\/p>\n                    <p>NOS OFFRES DU MOMENT<\/p>\n                  <\/div>\n                <\/div>\n              <\/div>\n            <\/div>\n          <\/div>\n        <\/div>\n      <\/div>\n      <div data-colibri-id=\"281-c7\" class=\"h-row-container gutters-row-lg-2 gutters-row-md-2 gutters-row-0 gutters-row-v-lg-2 gutters-row-v-md-2 gutters-row-v-2 style-377 style-local-281-c7 position-relative\">\n        <!---->\n        <div class=\"h-row justify-content-lg-center justify-content-md-center justify-content-center align-items-lg-stretch align-items-md-stretch align-items-stretch gutters-col-lg-2 gutters-col-md-2 gutters-col-0 gutters-col-v-lg-2 gutters-col-v-md-2 gutters-col-v-2\">\n          <!---->\n          <div class=\"h-column h-column-container d-flex h-col-lg-auto h-col-md-auto h-col-auto style-378-outer style-local-281-c8-outer\">\n            <div data-colibri-id=\"281-c8\" class=\"d-flex h-flex-basis h-column__inner h-px-lg-2 h-px-md-2 h-px-2 v-inner-lg-2 v-inner-md-2 v-inner-2 style-378 style-local-281-c8 position-relative\">\n              <!---->\n              <!---->\n              <div class=\"w-100 h-y-container h-column__content h-column__v-align flex-basis-100 align-self-lg-start align-self-md-start align-self-start\">\n                <!---->\n                <div data-colibri-id=\"281-c10\" class=\"h-text h-text-component style-380 style-local-281-c10 position-relative h-element\">\n                  <!---->\n                  <!---->\n                  <div class=\"\">\n                    <p>\n                      <br>\n                    <\/p>\n                    <p>CHAUFFEUR PL (H\/F)<\/p>\n                    <p>Vos missions :<\/p>\n                    <ul>\n                      <li>Conduite d&rsquo;un poids lourd<\/li>\n                      <li>R\u00e9alisation de transferts entre diff\u00e9rentes zones (Normandie)<\/li>\n                      <li>Respect des consignes d&rsquo;exploitation et de s\u00e9curit\u00e9<\/li>\n                      <li>Veille au bon \u00e9tat du mat\u00e9riel<\/li>\n                    <\/ul>\n                    <p>\n                      <br>Votre profil :<\/p>\n                    <ul>\n                      <li>Titulaire du permis C (EC serait un plus) &#8211; FCO\/FIMO \u00e0 jour<\/li>\n                      <li>Exp\u00e9rience de 5 ans minimum dans la conduite de PL<\/li>\n                      <li>Dext\u00e9rit\u00e9, Assiduit\u00e9, Ponctualit\u00e9<\/li>\n                      <li>Des comp\u00e9tences en maintenance, des CACES pour la conduite d&rsquo;engins seraient un + pour un polyvalence sur d&rsquo;autres t\u00e2ches<\/li>\n                      <li>Bonnes qualit\u00e9s relationnelles<\/li>\n                      <li>Capacit\u00e9 d&rsquo;adaptation et de communication<\/li>\n                    <\/ul>\n                    <p>\n                      <br>\n                    <\/p>\n                    <ul>\n                      <li>Localisation : Normandie<\/li>\n                      <li>Type de contrat : CDI, Temps plein,<\/li>\n                      <li>Salaire : \u00e0 d\u00e9finir suivant exp\u00e9rience et motivation<\/li>\n                      <li>Candidature \u00e0 envoyer \u00e0 : commercial@nouvel-environnement.fr<\/li>\n                    <\/ul>\n                    <p>\n                      <br>\n                    <\/p>\n                    <p><span style=\"font-size: 10pt; font-family: Arial, sans-serif; color: rgb(45, 45, 45);\"> <\/span><\/p>\n                    <p>\n                      <br>\n                    <\/p>\n                  <\/div>\n                <\/div>\n              <\/div>\n            <\/div>\n          <\/div>\n        <\/div>\n      <\/div>\n    <\/div>\n  <\/div>\n<\/div>","protected":false},"excerpt":{"rendered":"<p>NOS OFFRES DU MOMENT CHAUFFEUR PL (H\/F) Vos missions : Conduite d&rsquo;un poids lourd R\u00e9alisation de transferts entre diff\u00e9rentes zones (Normandie) Respect des consignes d&rsquo;exploitation et de s\u00e9curit\u00e9 Veille au bon \u00e9tat du mat\u00e9riel Votre profil : Titulaire du permis C (EC serait un plus) &#8211; FCO\/FIMO \u00e0 jour Exp\u00e9rience de 5 ans minimum dans [&hellip;]<\/p>\n","protected":false},"author":2,"featured_media":0,"parent":0,"menu_order":0,"comment_status":"closed","ping_status":"closed","template":"page-templates\/full-width-page.php","meta":{"footnotes":""},"class_list":["post-281","page","type-page","status-publish","hentry"],"_links":{"self":[{"href":"http:\/\/www.nouvel-environnement.fr\/index.php?rest_route=\/wp\/v2\/pages\/281","targetHints":{"allow":["GET"]}}],"collection":[{"href":"http:\/\/www.nouvel-environnement.fr\/index.php?rest_route=\/wp\/v2\/pages"}],"about":[{"href":"http:\/\/www.nouvel-environnement.fr\/index.php?rest_route=\/wp\/v2\/types\/page"}],"author":[{"embeddable":true,"href":"http:\/\/www.nouvel-environnement.fr\/index.php?rest_route=\/wp\/v2\/users\/2"}],"replies":[{"embeddable":true,"href":"http:\/\/www.nouvel-environnement.fr\/index.php?rest_route=%2Fwp%2Fv2%2Fcomments&post=281"}],"version-history":[{"count":7,"href":"http:\/\/www.nouvel-environnement.fr\/index.php?rest_route=\/wp\/v2\/pages\/281\/revisions"}],"predecessor-version":[{"id":488,"href":"http:\/\/www.nouvel-environnement.fr\/index.php?rest_route=\/wp\/v2\/pages\/281\/revisions\/488"}],"wp:attachment":[{"href":"http:\/\/www.nouvel-environnement.fr\/index.php?rest_route=%2Fwp%2Fv2%2Fmedia&parent=281"}],"curies":[{"name":"wp","href":"https:\/\/api.w.org\/{rel}","templated":true}]}}